{"id":15,"date":"2026-02-03T21:54:50","date_gmt":"2026-02-04T00:54:50","guid":{"rendered":"https:\/\/mintcream-llama-665939.hostingersite.com\/?page_id=15"},"modified":"2026-02-21T17:57:12","modified_gmt":"2026-02-21T20:57:12","slug":"contato","status":"publish","type":"page","link":"https:\/\/lcsistemascampina.com.br\/?page_id=15","title":{"rendered":"Contato"},"content":{"rendered":"\t\t<div data-elementor-type=\"wp-page\" data-elementor-id=\"15\" class=\"elementor elementor-15\" data-elementor-post-type=\"page\">\n\t\t\t\t<div class=\"elementor-element elementor-element-e357f51 e-flex e-con-boxed e-con e-parent\" data-id=\"e357f51\" data-element_type=\"container\" data-e-type=\"container\" data-settings=\"{&quot;background_background&quot;:&quot;classic&quot;}\">\n\t\t\t\t\t<div class=\"e-con-inner\">\n\t\t<div class=\"elementor-element elementor-element-79adbad e-con-full e-flex e-con e-child\" data-id=\"79adbad\" data-element_type=\"container\" data-e-type=\"container\">\n\t\t\t\t<div class=\"elementor-element elementor-element-48699c5 elementor-widget__width-initial elementor-widget elementor-widget-image-box\" data-id=\"48699c5\" data-element_type=\"widget\" data-e-type=\"widget\" data-widget_type=\"image-box.default\">\n\t\t\t\t\t<div class=\"elementor-image-box-wrapper\"><div class=\"elementor-image-box-content\"><h3 class=\"elementor-image-box-title\">Entre em Contato<\/h3><p class=\"elementor-image-box-description\">Agende uma visita ou uma demonstra\u00e7\u00e3o\nnossa equipe ira visita-lo <\/p><\/div><\/div>\t\t\t\t<\/div>\n\t\t\t\t<div class=\"elementor-element elementor-element-b9a1d44 elementor-button-align-stretch elementor-widget elementor-widget-form\" data-id=\"b9a1d44\" data-element_type=\"widget\" data-e-type=\"widget\" data-settings=\"{&quot;button_width&quot;:&quot;50&quot;,&quot;step_next_label&quot;:&quot;Pr\\u00f3ximo&quot;,&quot;step_previous_label&quot;:&quot;Anterior&quot;,&quot;step_type&quot;:&quot;number_text&quot;,&quot;step_icon_shape&quot;:&quot;circle&quot;}\" data-widget_type=\"form.default\">\n\t\t\t\t\t\t\t<form class=\"elementor-form\" method=\"post\" name=\"Novo formul\u00e1rio\" aria-label=\"Novo formul\u00e1rio\">\n\t\t\t<input type=\"hidden\" name=\"post_id\" value=\"15\"\/>\n\t\t\t<input type=\"hidden\" name=\"form_id\" value=\"b9a1d44\"\/>\n\t\t\t<input type=\"hidden\" name=\"referer_title\" value=\"Contato\" \/>\n\n\t\t\t\t\t\t\t<input type=\"hidden\" name=\"queried_id\" value=\"15\"\/>\n\t\t\t\n\t\t\t<div class=\"elementor-form-fields-wrapper elementor-labels-above\">\n\t\t\t\t\t\t\t\t<div class=\"elementor-field-type-text elementor-field-group elementor-column elementor-field-group-name elementor-col-50 elementor-field-required elementor-mark-required\">\n\t\t\t\t\t\t\t\t\t\t\t\t<label for=\"form-field-name\" class=\"elementor-field-label\">\n\t\t\t\t\t\t\t\tNome \t\t\t\t\t\t\t<\/label>\n\t\t\t\t\t\t\t\t\t\t\t\t\t\t<input size=\"1\" type=\"text\" name=\"form_fields[name]\" id=\"form-field-name\" class=\"elementor-field elementor-size-md  elementor-field-textual\" placeholder=\"Seu nome completo\" required=\"required\">\n\t\t\t\t\t\t\t\t\t\t\t<\/div>\n\t\t\t\t\t\t\t\t<div class=\"elementor-field-type-email elementor-field-group elementor-column elementor-field-group-email elementor-col-50 elementor-field-required elementor-mark-required\">\n\t\t\t\t\t\t\t\t\t\t\t\t<label for=\"form-field-email\" class=\"elementor-field-label\">\n\t\t\t\t\t\t\t\tE-mail\t\t\t\t\t\t\t<\/label>\n\t\t\t\t\t\t\t\t\t\t\t\t\t\t<input size=\"1\" type=\"email\" name=\"form_fields[email]\" id=\"form-field-email\" class=\"elementor-field elementor-size-md  elementor-field-textual\" placeholder=\"Seu melhor e-mail\" required=\"required\">\n\t\t\t\t\t\t\t\t\t\t\t<\/div>\n\t\t\t\t\t\t\t\t<div class=\"elementor-field-type-text elementor-field-group elementor-column elementor-field-group-telefone elementor-col-50 elementor-field-required elementor-mark-required\">\n\t\t\t\t\t\t\t\t\t\t\t\t<label for=\"form-field-telefone\" class=\"elementor-field-label\">\n\t\t\t\t\t\t\t\tTelefone\t\t\t\t\t\t\t<\/label>\n\t\t\t\t\t\t\t\t\t\t\t\t\t\t<input size=\"1\" type=\"text\" name=\"form_fields[telefone]\" id=\"form-field-telefone\" class=\"elementor-field elementor-size-md  elementor-field-textual\" placeholder=\"(xx)00000-0000\" required=\"required\">\n\t\t\t\t\t\t\t\t\t\t\t<\/div>\n\t\t\t\t\t\t\t\t<div class=\"elementor-field-type-select elementor-field-group elementor-column elementor-field-group-estado elementor-col-50 elementor-field-required elementor-mark-required\">\n\t\t\t\t\t\t\t\t\t\t\t\t<label for=\"form-field-estado\" class=\"elementor-field-label\">\n\t\t\t\t\t\t\t\tEstado\t\t\t\t\t\t\t<\/label>\n\t\t\t\t\t\t\t\t<div class=\"elementor-field elementor-select-wrapper remove-before \">\n\t\t\t<div class=\"select-caret-down-wrapper\">\n\t\t\t\t<svg aria-hidden=\"true\" class=\"e-font-icon-svg e-eicon-caret-down\" viewBox=\"0 0 571.4 571.4\" xmlns=\"http:\/\/www.w3.org\/2000\/svg\"><path d=\"M571 393Q571 407 561 418L311 668Q300 679 286 679T261 668L11 418Q0 407 0 393T11 368 36 357H536Q550 357 561 368T571 393Z\"><\/path><\/svg>\t\t\t<\/div>\n\t\t\t<select name=\"form_fields[estado]\" id=\"form-field-estado\" class=\"elementor-field-textual elementor-size-md\" required=\"required\">\n\t\t\t\t\t\t\t\t\t<option value=\"\">Selecione o seu Estado <\/option>\n\t\t\t\t\t\t\t\t\t<option value=\"AC\">AC<\/option>\n\t\t\t\t\t\t\t\t\t<option value=\"AL\">AL<\/option>\n\t\t\t\t\t\t\t\t\t<option value=\"AP\">AP<\/option>\n\t\t\t\t\t\t\t\t\t<option value=\"AM\">AM<\/option>\n\t\t\t\t\t\t\t\t\t<option value=\"BA\">BA<\/option>\n\t\t\t\t\t\t\t\t\t<option value=\"CE\">CE<\/option>\n\t\t\t\t\t\t\t\t\t<option value=\"DF\">DF<\/option>\n\t\t\t\t\t\t\t\t\t<option value=\"ES\">ES<\/option>\n\t\t\t\t\t\t\t\t\t<option value=\"GO\">GO<\/option>\n\t\t\t\t\t\t\t\t\t<option value=\"MA\">MA<\/option>\n\t\t\t\t\t\t\t\t\t<option value=\"MT\">MT<\/option>\n\t\t\t\t\t\t\t\t\t<option value=\"MS\">MS<\/option>\n\t\t\t\t\t\t\t\t\t<option value=\"MG\">MG<\/option>\n\t\t\t\t\t\t\t\t\t<option value=\"PR\">PR<\/option>\n\t\t\t\t\t\t\t\t\t<option value=\"PB\">PB<\/option>\n\t\t\t\t\t\t\t\t\t<option value=\"PA\">PA<\/option>\n\t\t\t\t\t\t\t\t\t<option value=\"PE\">PE<\/option>\n\t\t\t\t\t\t\t\t\t<option value=\"PI\">PI<\/option>\n\t\t\t\t\t\t\t\t\t<option value=\"RJ\">RJ<\/option>\n\t\t\t\t\t\t\t\t\t<option value=\"RN\">RN<\/option>\n\t\t\t\t\t\t\t\t\t<option value=\"RS\">RS<\/option>\n\t\t\t\t\t\t\t\t\t<option value=\"RO\">RO<\/option>\n\t\t\t\t\t\t\t\t\t<option value=\"RR\">RR<\/option>\n\t\t\t\t\t\t\t\t\t<option value=\"SC\">SC<\/option>\n\t\t\t\t\t\t\t\t\t<option value=\"SE\">SE<\/option>\n\t\t\t\t\t\t\t\t\t<option value=\"SP\">SP<\/option>\n\t\t\t\t\t\t\t\t\t<option value=\"TO\">TO<\/option>\n\t\t\t\t\t\t\t<\/select>\n\t\t<\/div>\n\t\t\t\t\t\t<\/div>\n\t\t\t\t\t\t\t\t<div class=\"elementor-field-type-select elementor-field-group elementor-column elementor-field-group-cidade elementor-col-50 elementor-field-required elementor-mark-required\">\n\t\t\t\t\t\t\t\t\t\t\t\t<label for=\"form-field-cidade\" class=\"elementor-field-label\">\n\t\t\t\t\t\t\t\tMunic\u00edpio\t\t\t\t\t\t\t<\/label>\n\t\t\t\t\t\t\t\t<div class=\"elementor-field elementor-select-wrapper remove-before \">\n\t\t\t<div class=\"select-caret-down-wrapper\">\n\t\t\t\t<svg aria-hidden=\"true\" class=\"e-font-icon-svg e-eicon-caret-down\" viewBox=\"0 0 571.4 571.4\" xmlns=\"http:\/\/www.w3.org\/2000\/svg\"><path d=\"M571 393Q571 407 561 418L311 668Q300 679 286 679T261 668L11 418Q0 407 0 393T11 368 36 357H536Q550 357 561 368T571 393Z\"><\/path><\/svg>\t\t\t<\/div>\n\t\t\t<select name=\"form_fields[cidade]\" id=\"form-field-cidade\" class=\"elementor-field-textual elementor-size-md\" required=\"required\">\n\t\t\t\t\t\t\t\t\t<option value=\"Selecione a sua cidade\">Selecione a sua cidade<\/option>\n\t\t\t\t\t\t\t<\/select>\n\t\t<\/div>\n\t\t\t\t\t\t<\/div>\n\t\t\t\t\t\t\t\t<div class=\"elementor-field-group elementor-column elementor-field-type-submit elementor-col-50 e-form__buttons\">\n\t\t\t\t\t<button class=\"elementor-button elementor-size-md\" type=\"submit\">\n\t\t\t\t\t\t<span class=\"elementor-button-content-wrapper\">\n\t\t\t\t\t\t\t\t\t\t\t\t\t\t\t<span class=\"elementor-button-icon\">\n\t\t\t\t\t\t\t\t\t<svg aria-hidden=\"true\" class=\"e-font-icon-svg e-fas-angle-right\" viewBox=\"0 0 256 512\" xmlns=\"http:\/\/www.w3.org\/2000\/svg\"><path d=\"M224.3 273l-136 136c-9.4 9.4-24.6 9.4-33.9 0l-22.6-22.6c-9.4-9.4-9.4-24.6 0-33.9l96.4-96.4-96.4-96.4c-9.4-9.4-9.4-24.6 0-33.9L54.3 103c9.4-9.4 24.6-9.4 33.9 0l136 136c9.5 9.4 9.5 24.6.1 34z\"><\/path><\/svg>\t\t\t\t\t\t\t\t\t\t\t\t\t\t\t\t\t<\/span>\n\t\t\t\t\t\t\t\t\t\t\t\t\t\t\t\t\t\t\t\t\t\t<span class=\"elementor-button-text\">Enviar<\/span>\n\t\t\t\t\t\t\t\t\t\t\t\t\t<\/span>\n\t\t\t\t\t<\/button>\n\t\t\t\t<\/div>\n\t\t\t<\/div>\n\t\t<\/form>\n\t\t\t\t\t\t<\/div>\n\t\t\t\t<div class=\"elementor-element elementor-element-e147416 elementor-widget elementor-widget-text-editor\" data-id=\"e147416\" data-element_type=\"widget\" data-e-type=\"widget\" data-widget_type=\"text-editor.default\">\n\t\t\t\t\t\t\t\t\t<p>Ao enviar o formul\u00e1rio, eu declaro que estou de acordo com a Pol\u00edtica de Privacidade.<\/p>\t\t\t\t\t\t\t\t<\/div>\n\t\t\t\t<div class=\"elementor-element elementor-element-686fc58 elementor-widget elementor-widget-html\" data-id=\"686fc58\" data-element_type=\"widget\" data-e-type=\"widget\" data-widget_type=\"html.default\">\n\t\t\t\t\t<script>\n    document.addEventListener('DOMContentLoaded', function() {\n    const estadoField = document.querySelector('#form-field-estado');\n    const cidadeField = document.querySelector('#form-field-cidade');\n\n    estadoField.addEventListener('change', function(e) {\n        const uf = e.target.value;\n        cidadeField.innerHTML = '';\n\n        fetch(`https:\/\/servicodados.ibge.gov.br\/api\/v1\/localidades\/estados\/${uf}\/municipios`)\n            .then(response => response.json())\n            .then(cidades => {\n                cidades.forEach(cidade => {\n                    const option = document.createElement('option');\n                    option.value = cidade.nome;\n                    option.textContent = cidade.nome;\n                    cidadeField.appendChild(option);\n                });\n            })\n            .catch(error => {\n                console.error('Erro ao buscar cidades:', error);\n            });\n    });\n});\n<\/script>\n<script type=\"text\/javascript\">\n\/* M\u00e1scaras ER *\/\nfunction mascara(o, f) {\n  v_obj = o;\n  v_fun = f;\n  setTimeout(\"execmascara()\", 1);\n}\n\nfunction execmascara() {\n  v_obj.value = v_fun(v_obj.value);\n}\n\nfunction mtel(v) {\n  var formattedNumber = v.replace(\/\\D\/g, \"\"); \/\/ Remove tudo o que n\u00e3o \u00e9 d\u00edgito\n\n  if (formattedNumber.length >= 2 && formattedNumber.length <= 10) {\n    \/\/ Formato brasileiro antigo (XX) XXXX-XXXX\n    formattedNumber = \"(\" + formattedNumber.substring(0, 2) + \") \" + formattedNumber.substring(2, 6) + \"-\" + formattedNumber.substring(6);\n  } else if (formattedNumber.length === 11 && formattedNumber.startsWith(\"1\")) {\n    \/\/ Formato americano (XXX) XXX-XXXX\n    formattedNumber = \"(\" + formattedNumber.substring(0, 3) + \") \" + formattedNumber.substring(3, 6) + \"-\" + formattedNumber.substring(6);\n  } else if (formattedNumber.length >= 11) {\n    \/\/ Formato brasileiro novo (XX) XXXXX-XXXX\n    formattedNumber = \"(\" + formattedNumber.substring(0, 2) + \") \" + formattedNumber.substring(2, 7) + \"-\" + formattedNumber.substring(7);\n  }\n\n  return formattedNumber;\n}\n\nfunction id(el) {\n  return document.getElementById(el);\n}\n\nwindow.onload = function() {\n  var telefone = document.querySelectorAll('.elementor-form input[name=\"form_fields[telefone]\"]');\n\n  for (var i = 0; i < telefone.length; i++) {\n    telefone[i].setAttribute('pattern', '.{14,}');\n    telefone[i].setAttribute('maxlength', 15);\n    telefone[i].oninput = function(e) {\n      if (e.inputType === \"deleteContentBackward\" || e.inputType === \"deleteContentForward\") {\n        \/\/ Permite exclus\u00e3o de caracteres, incluindo os s\u00edmbolos especiais (-, (, ))\n        return;\n      }\n      mascara(this, mtel);\n    }\n  }\n}\n<\/script>\t\t\t\t<\/div>\n\t\t\t\t<\/div>\n\t\t\t\t\t<\/div>\n\t\t\t\t<\/div>\n\t\t\t\t<\/div>\n\t\t","protected":false},"excerpt":{"rendered":"<p>Entre em Contato Agende uma visita ou uma demonstra\u00e7\u00e3o nossa equipe ira visita-lo Ao enviar o formul\u00e1rio, eu declaro que estou de acordo com a Pol\u00edtica de Privacidade.<\/p>\n","protected":false},"author":1,"featured_media":0,"parent":0,"menu_order":0,"comment_status":"closed","ping_status":"closed","template":"elementor_header_footer","meta":{"footnotes":""},"class_list":["post-15","page","type-page","status-publish","hentry"],"_links":{"self":[{"href":"https:\/\/lcsistemascampina.com.br\/index.php?rest_route=\/wp\/v2\/pages\/15","targetHints":{"allow":["GET"]}}],"collection":[{"href":"https:\/\/lcsistemascampina.com.br\/index.php?rest_route=\/wp\/v2\/pages"}],"about":[{"href":"https:\/\/lcsistemascampina.com.br\/index.php?rest_route=\/wp\/v2\/types\/page"}],"author":[{"embeddable":true,"href":"https:\/\/lcsistemascampina.com.br\/index.php?rest_route=\/wp\/v2\/users\/1"}],"replies":[{"embeddable":true,"href":"https:\/\/lcsistemascampina.com.br\/index.php?rest_route=%2Fwp%2Fv2%2Fcomments&post=15"}],"version-history":[{"count":4,"href":"https:\/\/lcsistemascampina.com.br\/index.php?rest_route=\/wp\/v2\/pages\/15\/revisions"}],"predecessor-version":[{"id":346,"href":"https:\/\/lcsistemascampina.com.br\/index.php?rest_route=\/wp\/v2\/pages\/15\/revisions\/346"}],"wp:attachment":[{"href":"https:\/\/lcsistemascampina.com.br\/index.php?rest_route=%2Fwp%2Fv2%2Fmedia&parent=15"}],"curies":[{"name":"wp","href":"https:\/\/api.w.org\/{rel}","templated":true}]}}